{"id":584,"date":"2021-05-18T17:12:00","date_gmt":"2021-05-18T17:12:00","guid":{"rendered":"https:\/\/fundacionk.org\/politica-de-cookies\/"},"modified":"2021-05-27T23:13:38","modified_gmt":"2021-05-27T23:13:38","slug":"politica-de-cookies","status":"publish","type":"page","link":"https:\/\/staging.fundacionindustriascreativas.org\/eu\/politica-de-cookies\/","title":{"rendered":"Pol\u00edtica de Cookies"},"content":{"rendered":"\t\t<div data-elementor-type=\"wp-page\" data-elementor-id=\"584\" class=\"elementor elementor-584 elementor-428\" data-elementor-post-type=\"page\">\n\t\t\t\t\t\t<section class=\"elementor-section elementor-top-section elementor-element elementor-element-684fb62 elementor-section-boxed elementor-section-height-default elementor-section-height-default\" data-id=\"684fb62\" data-element_type=\"section\">\n\t\t\t\t\t\t<div class=\"elementor-container elementor-column-gap-default\">\n\t\t\t\t\t<div class=\"elementor-column elementor-col-100 elementor-top-column elementor-element elementor-element-4ebdc1d\" data-id=\"4ebdc1d\" data-element_type=\"column\">\n\t\t\t<div class=\"elementor-widget-wrap elementor-element-populated\">\n\t\t\t\t\t\t<div class=\"elementor-element elementor-element-5ab048f elementor-widget elementor-widget-heading\" data-id=\"5ab048f\" data-element_type=\"widget\" data-widget_type=\"heading.default\">\n\t\t\t\t<div class=\"elementor-widget-container\">\n\t\t\t\t\t<h1 class=\"elementor-heading-title elementor-size-default\">POL\u00cdTICA<br>\nDE COOKIES<\/h1>\t\t\t\t<\/div>\n\t\t\t\t<\/div>\n\t\t\t\t<div class=\"elementor-element elementor-element-0cd8f43 elementor-widget elementor-widget-text-editor\" data-id=\"0cd8f43\" data-element_type=\"widget\" data-widget_type=\"text-editor.default\">\n\t\t\t\t<div class=\"elementor-widget-container\">\n\t\t\t\t\t\t\t\t\t<p>La presente pol\u00edtica de cookies forma parte de las condiciones de uso de la p\u00e1gina web www.Fundacionk.org La navegaci\u00f3n por la misma implica la aceptaci\u00f3n de dichas condiciones, incluida la presente pol\u00edtica de cookies. Una cookie es un fichero que se descarga en el disco duro del usuario al acceder a determinadas p\u00e1ginas web. Las cookies, entre otras cosas posibilitan, almacenar y recuperar informaci\u00f3n sobre los h\u00e1bitos de navegaci\u00f3n del dispositivo desde el cual se navega y, en ocasiones, reconocer al usuario.<\/p><p>La p\u00e1gina web utiliza cookies de terceros para conocer la actividad de los usuarios de sus p\u00e1ginas web as\u00ed como mejorar y personalizar su experiencia.<\/p><p>Se utiliza el servicio Google Analytics, que es prestado por Google, Inc. Google Analytics utiliza cookies para facilitarnos el an\u00e1lisis a del uso que se hace de este sitio web. La informaci\u00f3n que genera la cookie acerca del uso del sitio web (incluyendo la direcci\u00f3n IP) ser\u00e1 directamente transmitida y archivada por Google en sus servidores de Estados Unidos.<\/p><p>Google usar\u00e1 esta informaci\u00f3n por cuenta nuestra con el prop\u00f3sito de seguir la pista de su uso del sitio web, recopilando informes de la actividad del sitio y prestando otros servicios relacionados con la actividad del sitio y el uso de Internet. Google podr\u00e1 transmitir dicha informaci\u00f3n a terceros cuando as\u00ed se lo requiera la legislaci\u00f3n, o cuando dichos terceros procesen la informaci\u00f3n por cuenta de Google. En estos casos, Google no asociar\u00e1 su direcci\u00f3n IP con ning\u00fan otro dato del que disponga Google.<\/p><p>Al utilizar este sitio usted autoriza el tratamiento de la informaci\u00f3n generada por Google en la forma y para los fines arriba mencionados.<br \/>De esta manera, las cookies de an\u00e1lisis pueden ser utilizadas para reconocerle en visitas sucesivas, para obtener informaci\u00f3n acerca de la fecha y hora de su \u00faltima visita, medir algunos par\u00e1metros de tr\u00e1fico dentro del propio sitio web, y estimar el n\u00famero de visitas realizadas, de manera que podamos enfocar y ajustar los servicios de forma m\u00e1s efectiva.<\/p><p>Si desea impedir la generaci\u00f3n o descarga de cookies a trav\u00e9s de su navegador puede realizarlo a trav\u00e9s de los siguientes enlaces:<\/p><ul><li>Internet Explorer: Herramientas -&gt; Opciones de Internet -&gt; Privacidad -&gt; Configuraci\u00f3n. Para m\u00e1s informaci\u00f3n, puede consultar el soporte de Microsoft o la Ayuda del navegador.<\/li><li>Firefox: Herramientas -&gt; Opciones -&gt; Privacidad -&gt; Historial -&gt; Configuraci\u00f3n Personalizada. Para m\u00e1s informaci\u00f3n, puede consultar el soporte de Mozilla o la Ayuda del navegador.<\/li><li>Chrome: Configuraci\u00f3n -&gt; Mostrar opciones avanzadas -&gt; Privacidad -&gt; Configuraci\u00f3n de contenido. Para m\u00e1s informaci\u00f3n, puede consultar el soporte de Google o la Ayuda del navegador.<\/li><li>Safari: Preferencias -&gt; Seguridad. Para m\u00e1s informaci\u00f3n, puede consultar el soporte de Apple o la Ayuda del navegador.<\/li><\/ul>\t\t\t\t\t\t\t\t<\/div>\n\t\t\t\t<\/div>\n\t\t\t\t\t<\/div>\n\t\t<\/div>\n\t\t\t\t\t<\/div>\n\t\t<\/section>\n\t\t\t\t<\/div>\n\t\t","protected":false},"excerpt":{"rendered":"<p>POL\u00cdTICA DE COOKIES La presente pol\u00edtica de cookies forma parte de las condiciones de uso de la p\u00e1gina web www.Fundacionk.org La navegaci\u00f3n por la misma implica la aceptaci\u00f3n de dichas condiciones, incluida la presente pol\u00edtica de cookies. Una cookie es un fichero que se descarga en el disco duro del usuario al acceder a determinadas [&hellip;]<\/p>\n","protected":false},"author":6,"featured_media":0,"parent":0,"menu_order":0,"comment_status":"closed","ping_status":"closed","template":"elementor_header_footer","meta":{"footnotes":""},"class_list":["post-584","page","type-page","status-publish","hentry"],"yoast_head":"<!-- This site is optimized with the Yoast SEO plugin v25.5 - https:\/\/yoast.com\/wordpress\/plugins\/seo\/ -->\n<title>Pol\u00edtica de Cookies - Fundaci\u00f3n Industrias Creativas<\/title>\n<meta name=\"robots\" content=\"noindex, follow, max-snippet:-1, max-image-preview:large, max-video-preview:-1\" \/>\n<meta property=\"og:locale\" content=\"eu_ES\" \/>\n<meta property=\"og:type\" content=\"article\" \/>\n<meta property=\"og:title\" content=\"Pol\u00edtica de Cookies - Fundaci\u00f3n Industrias Creativas\" \/>\n<meta property=\"og:description\" content=\"POL\u00cdTICA DE COOKIES La presente pol\u00edtica de cookies forma parte de las condiciones de uso de la p\u00e1gina web www.Fundacionk.org La navegaci\u00f3n por la misma implica la aceptaci\u00f3n de dichas condiciones, incluida la presente pol\u00edtica de cookies. Una cookie es un fichero que se descarga en el disco duro del usuario al acceder a determinadas [&hellip;]\" \/>\n<meta property=\"og:url\" content=\"https:\/\/staging.fundacionindustriascreativas.org\/politica-de-cookies\/\" \/>\n<meta property=\"og:site_name\" content=\"Fundaci\u00f3n Industrias Creativas\" \/>\n<meta property=\"article:modified_time\" content=\"2021-05-27T23:13:38+00:00\" \/>\n<meta name=\"twitter:card\" content=\"summary_large_image\" \/>\n<meta name=\"twitter:label1\" content=\"Est. reading time\" \/>\n\t<meta name=\"twitter:data1\" content=\"3 minutes\" \/>\n<script type=\"application\/ld+json\" class=\"yoast-schema-graph\">{\"@context\":\"https:\/\/schema.org\",\"@graph\":[{\"@type\":\"WebPage\",\"@id\":\"https:\/\/staging.fundacionindustriascreativas.org\/politica-de-cookies\/\",\"url\":\"https:\/\/staging.fundacionindustriascreativas.org\/politica-de-cookies\/\",\"name\":\"Pol\u00edtica de Cookies - Fundaci\u00f3n Industrias Creativas\",\"isPartOf\":{\"@id\":\"https:\/\/staging.fundacionindustriascreativas.org\/#website\"},\"datePublished\":\"2021-05-18T17:12:00+00:00\",\"dateModified\":\"2021-05-27T23:13:38+00:00\",\"breadcrumb\":{\"@id\":\"https:\/\/staging.fundacionindustriascreativas.org\/politica-de-cookies\/#breadcrumb\"},\"inLanguage\":\"eu-ES\",\"potentialAction\":[{\"@type\":\"ReadAction\",\"target\":[\"https:\/\/staging.fundacionindustriascreativas.org\/politica-de-cookies\/\"]}]},{\"@type\":\"BreadcrumbList\",\"@id\":\"https:\/\/staging.fundacionindustriascreativas.org\/politica-de-cookies\/#breadcrumb\",\"itemListElement\":[{\"@type\":\"ListItem\",\"position\":1,\"name\":\"Portada\",\"item\":\"https:\/\/staging.fundacionindustriascreativas.org\/\"},{\"@type\":\"ListItem\",\"position\":2,\"name\":\"Pol\u00edtica de Cookies\"}]},{\"@type\":\"WebSite\",\"@id\":\"https:\/\/staging.fundacionindustriascreativas.org\/#website\",\"url\":\"https:\/\/staging.fundacionindustriascreativas.org\/\",\"name\":\"Fundaci\u00f3n Industrias Creativas\",\"description\":\"\",\"publisher\":{\"@id\":\"https:\/\/staging.fundacionindustriascreativas.org\/#organization\"},\"potentialAction\":[{\"@type\":\"SearchAction\",\"target\":{\"@type\":\"EntryPoint\",\"urlTemplate\":\"https:\/\/staging.fundacionindustriascreativas.org\/?s={search_term_string}\"},\"query-input\":{\"@type\":\"PropertyValueSpecification\",\"valueRequired\":true,\"valueName\":\"search_term_string\"}}],\"inLanguage\":\"eu-ES\"},{\"@type\":\"Organization\",\"@id\":\"https:\/\/staging.fundacionindustriascreativas.org\/#organization\",\"name\":\"Fundaci\u00f3n Industrias Creativas\",\"url\":\"https:\/\/staging.fundacionindustriascreativas.org\/\",\"logo\":{\"@type\":\"ImageObject\",\"inLanguage\":\"eu-ES\",\"@id\":\"https:\/\/staging.fundacionindustriascreativas.org\/#\/schema\/logo\/image\/\",\"url\":\"https:\/\/staging.fundacionindustriascreativas.org\/wp-content\/uploads\/2021\/05\/mapaRecurso-6.svg\",\"contentUrl\":\"https:\/\/staging.fundacionindustriascreativas.org\/wp-content\/uploads\/2021\/05\/mapaRecurso-6.svg\",\"width\":126,\"height\":47,\"caption\":\"Fundaci\u00f3n Industrias Creativas\"},\"image\":{\"@id\":\"https:\/\/staging.fundacionindustriascreativas.org\/#\/schema\/logo\/image\/\"}}]}<\/script>\n<!-- \/ Yoast SEO plugin. -->","yoast_head_json":{"title":"Pol\u00edtica de Cookies - Fundaci\u00f3n Industrias Creativas","robots":{"index":"noindex","follow":"follow","max-snippet":"max-snippet:-1","max-image-preview":"max-image-preview:large","max-video-preview":"max-video-preview:-1"},"og_locale":"eu_ES","og_type":"article","og_title":"Pol\u00edtica de Cookies - Fundaci\u00f3n Industrias Creativas","og_description":"POL\u00cdTICA DE COOKIES La presente pol\u00edtica de cookies forma parte de las condiciones de uso de la p\u00e1gina web www.Fundacionk.org La navegaci\u00f3n por la misma implica la aceptaci\u00f3n de dichas condiciones, incluida la presente pol\u00edtica de cookies. Una cookie es un fichero que se descarga en el disco duro del usuario al acceder a determinadas [&hellip;]","og_url":"https:\/\/staging.fundacionindustriascreativas.org\/politica-de-cookies\/","og_site_name":"Fundaci\u00f3n Industrias Creativas","article_modified_time":"2021-05-27T23:13:38+00:00","twitter_card":"summary_large_image","twitter_misc":{"Est. reading time":"3 minutes"},"schema":{"@context":"https:\/\/schema.org","@graph":[{"@type":"WebPage","@id":"https:\/\/staging.fundacionindustriascreativas.org\/politica-de-cookies\/","url":"https:\/\/staging.fundacionindustriascreativas.org\/politica-de-cookies\/","name":"Pol\u00edtica de Cookies - Fundaci\u00f3n Industrias Creativas","isPartOf":{"@id":"https:\/\/staging.fundacionindustriascreativas.org\/#website"},"datePublished":"2021-05-18T17:12:00+00:00","dateModified":"2021-05-27T23:13:38+00:00","breadcrumb":{"@id":"https:\/\/staging.fundacionindustriascreativas.org\/politica-de-cookies\/#breadcrumb"},"inLanguage":"eu-ES","potentialAction":[{"@type":"ReadAction","target":["https:\/\/staging.fundacionindustriascreativas.org\/politica-de-cookies\/"]}]},{"@type":"BreadcrumbList","@id":"https:\/\/staging.fundacionindustriascreativas.org\/politica-de-cookies\/#breadcrumb","itemListElement":[{"@type":"ListItem","position":1,"name":"Portada","item":"https:\/\/staging.fundacionindustriascreativas.org\/"},{"@type":"ListItem","position":2,"name":"Pol\u00edtica de Cookies"}]},{"@type":"WebSite","@id":"https:\/\/staging.fundacionindustriascreativas.org\/#website","url":"https:\/\/staging.fundacionindustriascreativas.org\/","name":"Fundaci\u00f3n Industrias Creativas","description":"","publisher":{"@id":"https:\/\/staging.fundacionindustriascreativas.org\/#organization"},"potentialAction":[{"@type":"SearchAction","target":{"@type":"EntryPoint","urlTemplate":"https:\/\/staging.fundacionindustriascreativas.org\/?s={search_term_string}"},"query-input":{"@type":"PropertyValueSpecification","valueRequired":true,"valueName":"search_term_string"}}],"inLanguage":"eu-ES"},{"@type":"Organization","@id":"https:\/\/staging.fundacionindustriascreativas.org\/#organization","name":"Fundaci\u00f3n Industrias Creativas","url":"https:\/\/staging.fundacionindustriascreativas.org\/","logo":{"@type":"ImageObject","inLanguage":"eu-ES","@id":"https:\/\/staging.fundacionindustriascreativas.org\/#\/schema\/logo\/image\/","url":"https:\/\/staging.fundacionindustriascreativas.org\/wp-content\/uploads\/2021\/05\/mapaRecurso-6.svg","contentUrl":"https:\/\/staging.fundacionindustriascreativas.org\/wp-content\/uploads\/2021\/05\/mapaRecurso-6.svg","width":126,"height":47,"caption":"Fundaci\u00f3n Industrias Creativas"},"image":{"@id":"https:\/\/staging.fundacionindustriascreativas.org\/#\/schema\/logo\/image\/"}}]}},"_links":{"self":[{"href":"https:\/\/staging.fundacionindustriascreativas.org\/eu\/wp-json\/wp\/v2\/pages\/584","targetHints":{"allow":["GET"]}}],"collection":[{"href":"https:\/\/staging.fundacionindustriascreativas.org\/eu\/wp-json\/wp\/v2\/pages"}],"about":[{"href":"https:\/\/staging.fundacionindustriascreativas.org\/eu\/wp-json\/wp\/v2\/types\/page"}],"author":[{"embeddable":true,"href":"https:\/\/staging.fundacionindustriascreativas.org\/eu\/wp-json\/wp\/v2\/users\/6"}],"replies":[{"embeddable":true,"href":"https:\/\/staging.fundacionindustriascreativas.org\/eu\/wp-json\/wp\/v2\/comments?post=584"}],"version-history":[{"count":1,"href":"https:\/\/staging.fundacionindustriascreativas.org\/eu\/wp-json\/wp\/v2\/pages\/584\/revisions"}],"predecessor-version":[{"id":593,"href":"https:\/\/staging.fundacionindustriascreativas.org\/eu\/wp-json\/wp\/v2\/pages\/584\/revisions\/593"}],"wp:attachment":[{"href":"https:\/\/staging.fundacionindustriascreativas.org\/eu\/wp-json\/wp\/v2\/media?parent=584"}],"curies":[{"name":"wp","href":"https:\/\/api.w.org\/{rel}","templated":true}]}}