{"id":588,"date":"2021-04-21T14:36:46","date_gmt":"2021-04-21T14:36:46","guid":{"rendered":"https:\/\/fundacionk.org\/politica-privacidad\/"},"modified":"2021-04-21T14:36:46","modified_gmt":"2021-04-21T14:36:46","slug":"politica-privacidad","status":"publish","type":"page","link":"https:\/\/staging.fundacionindustriascreativas.org\/eu\/politica-privacidad\/","title":{"rendered":"Pol\u00edtica de privacidad"},"content":{"rendered":"\t\t<div data-elementor-type=\"wp-page\" data-elementor-id=\"588\" class=\"elementor elementor-588 elementor-3\" data-elementor-post-type=\"page\">\n\t\t\t\t\t\t<section class=\"elementor-section elementor-top-section elementor-element elementor-element-1121587 elementor-section-boxed elementor-section-height-default elementor-section-height-default\" data-id=\"1121587\" data-element_type=\"section\">\n\t\t\t\t\t\t<div class=\"elementor-container elementor-column-gap-default\">\n\t\t\t\t\t<div class=\"elementor-column elementor-col-100 elementor-top-column elementor-element elementor-element-84876f2\" data-id=\"84876f2\" data-element_type=\"column\">\n\t\t\t<div class=\"elementor-widget-wrap elementor-element-populated\">\n\t\t\t\t\t\t<div class=\"elementor-element elementor-element-2324776 elementor-widget elementor-widget-heading\" data-id=\"2324776\" data-element_type=\"widget\" data-widget_type=\"heading.default\">\n\t\t\t\t<div class=\"elementor-widget-container\">\n\t\t\t\t\t<h1 class=\"elementor-heading-title elementor-size-default\">POL\u00cdTICA<br>\nDE PRIVACIDAD<\/h1>\t\t\t\t<\/div>\n\t\t\t\t<\/div>\n\t\t\t\t<div class=\"elementor-element elementor-element-eb57449 elementor-widget elementor-widget-text-editor\" data-id=\"eb57449\" data-element_type=\"widget\" data-widget_type=\"text-editor.default\">\n\t\t\t\t<div class=\"elementor-widget-container\">\n\t\t\t\t\t\t\t\t\t<p align=\"center\">\u00daLTIMA ACTUALIZACI\u00d3N: 5 DE MAYO DE 2021<\/p>\n<p>\u00a0<\/p>\n<p align=\"justify\">A los efectos de lo previsto en el\u00a0REGLAMENTO (UE) 2016\/679 DEL PARLAMENTO EUROPEO Y DEL CONSEJO de 27 de abril de 2016 relativo a la protecci\u00f3n de las personas f\u00edsicas en lo que respecta al tratamiento de datos personales y a la libre circulaci\u00f3n de estos datos y por el que se deroga la Directiva 95\/46\/CE (Reglamento general de protecci\u00f3n de datos)[\u201cRGPD\u201d] y en la\u00a0Ley Org\u00e1nica 3\/2018, de 5 de diciembre, de Protecci\u00f3n de Datos de Personales y Garant\u00eda de los Derechos Digitales(\u201cLOPDPGDD\u201d) y su normativa de desarrollo, se le informa de que al aceptar el\u00a0check box que se acompa\u00f1a usted autoriza expresamente que sus datos de car\u00e1cter personal, incluidos los relativos a su imagen y voz, sean incorporados para su tratamiento estrictamente confidencial en un fichero cuyo responsable es FUNDACI\u00d3N INDUSTRIAS CREATIVAS, con NIF G-01.614.494, cuyo domicilio se encuentra ubicado en Bilbao (Bizkaia), en la calle Ventosa Bidea, 46 1\u00ba Dcha (en adelante, la titular), con la finalidad de gestionar su participaci\u00f3n en las iniciativas, acciones, y\/o la utilizaci\u00f3n y\/o recepci\u00f3n de los productos y\/o servicios promovidos por la misma, llevar a cabo segmentaci\u00f3n de perfiles con la finalidad de mejorar y optimizar la experiencia asociada a lo anterior, as\u00ed como informarle de las iniciativas, acciones, productos y servicios ofertados por la titular y el resto de las empresas del grupo al que la misma pertenece que se detallan m\u00e1s adelante.<\/p>\n<p align=\"justify\">Las bases jur\u00eddicas que legitiman el tratamiento de sus datos personales son:<\/p>\n<ul>\n<li>\n<p align=\"justify\">El cumplimiento de un acuerdo, contrato y\/o relaci\u00f3n comercial.<\/p>\n<\/li>\n<li>\n<p align=\"justify\">El consentimiento informado que nos otorga de manera expresa, libre e inequ\u00edvoca cuando acepta la presente POL\u00cdTICA DE PRIVACIDAD al enviarnos el formulario correspondiente.<\/p>\n<\/li>\n<li>\n<p align=\"justify\">Para el cumplimiento de distintas obligaciones legales que son de obligado cumplimiento para la titular.<\/p>\n<\/li>\n<li>\n<p align=\"justify\">Por inter\u00e9s leg\u00edtimo derivado de toda clase de motivos de seguridad, mejora de nuestros productos y servicios, gesti\u00f3n de sus solicitudes de informaci\u00f3n, reclamaciones y gesti\u00f3n del fraude.<\/p>\n<\/li>\n<\/ul>\n<p align=\"justify\">Los datos que le solicitamos son adecuados, pertinentes y estrictamente necesarios para llevar a cabo las finalidades descritas. Usted tiene el derecho a retirar el consentimiento en cualquier momento, sin que ello afecte a la licitud del tratamiento basado en el consentimiento previo a su retirada. Tambi\u00e9n nos garantiza la autenticidad, exactitud y veracidad de toda la informaci\u00f3n que nos facilite, comprometi\u00e9ndose a mantener actualizados los datos que nos facilite de forma que los mismos respondan, en todo momento, a su situaci\u00f3n real; ser\u00e1 asimismo el \u00fanico responsable de las manifestaciones falsas o inexactas y de los perjuicios que las mismas pudieran causar.<\/p>\n<p align=\"justify\">Conservaremos los datos en tanto exista una relaci\u00f3n contractual o comercial con usted, o mientras usted no ejerza su derecho de supresi\u00f3n, cancelaci\u00f3n y\/o limitaci\u00f3n del tratamiento de datos; terminado dicho plazo de conservaci\u00f3n, la titular eliminar\u00e1, destruir\u00e1, bloquear\u00e1 o seudonimizar\u00e1 sus datos personales. En el supuesto del bloqueo, siempre se mantendr\u00e1 su informaci\u00f3n sin darle ning\u00fan uso ni efectuar ning\u00fan tratamiento, mientras pueda ser necesaria dicha informaci\u00f3n para el ejercicio de reclamaciones o pueda derivarse alg\u00fan tipo de responsablidad judicial, legal, o contractual de su tratamiento que deba ser atendida y para cuya raz\u00f3n sea necesario proceder a su recuperaci\u00f3n.<\/p>\n<p align=\"justify\">Cesiones de datos:<\/p>\n<p align=\"justify\">Aquellos datos que nos facilite podr\u00e1n ser cedidos a las siguientes sociedades del grupo LAST TOUR para la correcta gesti\u00f3n de las iniciativas, acciones, servicios y\/o productos antes indicados, as\u00ed como para informarle de los productos y servicios que puedan ofertarse en un futuro:<\/p>\n<ul>\n<li>\n<p align=\"justify\"><span lang=\"en-US\">LAST TOUR CONCERTS, S.L.<\/span><\/p>\n<\/li>\n<li>\n<p align=\"justify\">ARF VITORIA-GASTEIZ, S.L.<\/p>\n<\/li>\n<li>\n<p align=\"justify\">CULTURA ROCK, S.L.<\/p>\n<\/li>\n<li>\n<p align=\"justify\">KULTUR FESTIBALA, S.L.<\/p>\n<\/li>\n<li>\n<p align=\"justify\">LASTUR BOOKIN, S.L.<\/p>\n<\/li>\n<li>\n<p align=\"justify\">OSO POLITA RECORDS, S.L.<\/p>\n<\/li>\n<li>\n<p align=\"justify\">YUUKII RECORDS, S.L.<\/p>\n<\/li>\n<li>\n<p align=\"justify\">MIDDLE GROUND, S.L.<\/p>\n<\/li>\n<li>\n<p align=\"justify\">BALKBONE TOUR, S.L.<\/p>\n<\/li>\n<li>\n<p align=\"justify\">FIANTOUR, S.L.<\/p>\n<\/li>\n<li>\n<p align=\"justify\"><span lang=\"en-US\">OLABEAGA PROJECT, S.L.<\/span><\/p>\n<\/li>\n<li>\n<p align=\"justify\">IMPULSA EVENTOS E INSTALACIONES, S.A.<\/p>\n<\/li>\n<li>\n<p align=\"justify\">VITORIA-GASTEIZ FESTIVAL, A.I.E.<\/p>\n<\/li>\n<li>\n<p align=\"justify\"><span lang=\"en-US\">KULTUR LIVE FESTIVAL, A.I.E.<\/span><\/p>\n<\/li>\n<li>\n<p align=\"justify\"><span lang=\"en-US\">BILBAO FESTIVAL 2016, A.I.E.<\/span><\/p>\n<\/li>\n<li>\n<p align=\"justify\"><span lang=\"en-US\">BIZKAIA INTERNATIONAL MUSIC EXPERIENCE, A.I.E.<\/span><\/p>\n<\/li>\n<li>\n<p align=\"justify\">As\u00ed como a cualquier otra entidad, integrada igualmente (o que se integre) en el grupo LAST TOUR, y\/o que sustituya a cualquiera o cualesquiera de las anteriores.<\/p>\n<\/li>\n<\/ul>\n<p align=\"justify\">Si existiera alg\u00fan pago realizado por usted mediante tarjeta de cr\u00e9dito, los datos se codificar\u00e1n y transferir\u00e1n a nuestros socios de pago.<\/p>\n<p align=\"justify\">Cualquier dato personal sobre usted ser\u00e1 \u00fanicamente usado internamente dentro del grupo LAST TOUR y no se ceder\u00e1 a compa\u00f1\u00edas y entidades terceras al margen de las aqu\u00ed expresadas.<\/p>\n<p align=\"justify\">Por \u00faltimo, en el caso de que nos remita un\u00a0curriculum vitae para la solicitud de empleo, este pasar\u00e1 a formar parte de un fichero cuya titularidad corresponder\u00e1 a la titular. La finalidad del fichero es la selecci\u00f3n de personal y al enviarnos espont\u00e1neamente dicha informaci\u00f3n nos est\u00e1 otorgando su consentimiento expreso para que sus datos est\u00e9n disponibles en futuros procesos de contrataci\u00f3n o selecci\u00f3n de personal. Adem\u00e1s, dichos datos podr\u00e1n ser cedidos a LAST TOUR CONCERTS, S.L. y BALKBONE TOUR, S.L. con la misma finalidad.<\/p>\n<p align=\"justify\">Ejercicio de derechos:<\/p>\n<p align=\"justify\">Podr\u00e1 ejercer los derechos de acceso, rectificaci\u00f3n o supresi\u00f3n, limitaci\u00f3n al tratamiento, cancelaci\u00f3n u oposici\u00f3n, as\u00ed como su derecho a la portabilidad, en el domicilio de la titular, sito en la calle Ventosa Bidea, 46, 1\u00ba Dcha, Bilbao (BIZKAIA), y en la direcci\u00f3n de correo electr\u00f3nico <a href=\"mailto:dpo@lasttour.net\">dpo@lasttour.net<\/a>. Igualmente usted tendr\u00e1 derecho a presentar una reclamaci\u00f3n ante la Agencia Espa\u00f1ola de Protecci\u00f3n de Datos. El ejercicio de sus derechos contemplados en la legislaci\u00f3n de protecci\u00f3n de datos podr\u00e1 realizarse en los idiomas euskera, espa\u00f1ol e ingl\u00e9s.<\/p>\n<p align=\"justify\">Medidas de seguridad:<\/p>\n<p align=\"justify\">Con el objetivo de salvaguardar la seguridad de sus datos personales, le informamos que la titular ha adoptado todas las medidas de \u00edndole t\u00e9cnica y organizativa necesarias para garantizar la seguridad inform\u00e1tica de los datos personales suministrados, incluidas -entre otras-:<\/p>\n<ul>\n<li>\n<p align=\"justify\">La seudonimizaci\u00f3n y el cifrado de datos personales cuando corresponda.<\/p>\n<\/li>\n<li>\n<p align=\"justify\">La capacidad de garantizar la confidencialidad, integridad, disponibilidad y resiliencia permanentes de los sistemas y servicios de tratamiento.<\/p>\n<\/li>\n<li>\n<p align=\"justify\">La capacidad de restaurar la disponibilidad y al acceso a los datos personales de forma r\u00e1pida, en caso de incidente f\u00edsico o t\u00e9cnico.<\/p>\n<\/li>\n<li>\n<p align=\"justify\">Un proceso de verificaci\u00f3n, evaluaci\u00f3n y valoraci\u00f3n regulares de la eficacia de las medidas t\u00e9cnicas y organizativas para garantizar la seguridad del tratamiento.<\/p>\n<\/li>\n<\/ul>\t\t\t\t\t\t\t\t<\/div>\n\t\t\t\t<\/div>\n\t\t\t\t\t<\/div>\n\t\t<\/div>\n\t\t\t\t\t<\/div>\n\t\t<\/section>\n\t\t\t\t<\/div>\n\t\t","protected":false},"excerpt":{"rendered":"<p>POL\u00cdTICA DE PRIVACIDAD \u00daLTIMA ACTUALIZACI\u00d3N: 5 DE MAYO DE 2021 \u00a0 A los efectos de lo previsto en el\u00a0REGLAMENTO (UE) 2016\/679 DEL PARLAMENTO EUROPEO Y DEL CONSEJO de 27 de abril de 2016 relativo a la protecci\u00f3n de las personas f\u00edsicas en lo que respecta al tratamiento de datos personales y a la libre circulaci\u00f3n [&hellip;]<\/p>\n","protected":false},"author":6,"featured_media":0,"parent":0,"menu_order":0,"comment_status":"closed","ping_status":"closed","template":"elementor_header_footer","meta":{"footnotes":""},"class_list":["post-588","page","type-page","status-publish","hentry"],"yoast_head":"<!-- This site is optimized with the Yoast SEO plugin v25.5 - https:\/\/yoast.com\/wordpress\/plugins\/seo\/ -->\n<title>Pol\u00edtica de privacidad - Fundaci\u00f3n Industrias Creativas<\/title>\n<meta name=\"robots\" content=\"noindex, follow, max-snippet:-1, max-image-preview:large, max-video-preview:-1\" \/>\n<meta property=\"og:locale\" content=\"eu_ES\" \/>\n<meta property=\"og:type\" content=\"article\" \/>\n<meta property=\"og:title\" content=\"Pol\u00edtica de privacidad - Fundaci\u00f3n Industrias Creativas\" \/>\n<meta property=\"og:description\" content=\"POL\u00cdTICA DE PRIVACIDAD \u00daLTIMA ACTUALIZACI\u00d3N: 5 DE MAYO DE 2021 \u00a0 A los efectos de lo previsto en el\u00a0REGLAMENTO (UE) 2016\/679 DEL PARLAMENTO EUROPEO Y DEL CONSEJO de 27 de abril de 2016 relativo a la protecci\u00f3n de las personas f\u00edsicas en lo que respecta al tratamiento de datos personales y a la libre circulaci\u00f3n [&hellip;]\" \/>\n<meta property=\"og:url\" content=\"https:\/\/staging.fundacionindustriascreativas.org\/politica-privacidad\/\" \/>\n<meta property=\"og:site_name\" content=\"Fundaci\u00f3n Industrias Creativas\" \/>\n<meta name=\"twitter:card\" content=\"summary_large_image\" \/>\n<meta name=\"twitter:label1\" content=\"Est. reading time\" \/>\n\t<meta name=\"twitter:data1\" content=\"6 minutes\" \/>\n<script type=\"application\/ld+json\" class=\"yoast-schema-graph\">{\"@context\":\"https:\/\/schema.org\",\"@graph\":[{\"@type\":\"WebPage\",\"@id\":\"https:\/\/staging.fundacionindustriascreativas.org\/politica-privacidad\/\",\"url\":\"https:\/\/staging.fundacionindustriascreativas.org\/politica-privacidad\/\",\"name\":\"Pol\u00edtica de privacidad - Fundaci\u00f3n Industrias Creativas\",\"isPartOf\":{\"@id\":\"https:\/\/staging.fundacionindustriascreativas.org\/#website\"},\"datePublished\":\"2021-04-21T14:36:46+00:00\",\"breadcrumb\":{\"@id\":\"https:\/\/staging.fundacionindustriascreativas.org\/politica-privacidad\/#breadcrumb\"},\"inLanguage\":\"eu-ES\",\"potentialAction\":[{\"@type\":\"ReadAction\",\"target\":[\"https:\/\/staging.fundacionindustriascreativas.org\/politica-privacidad\/\"]}]},{\"@type\":\"BreadcrumbList\",\"@id\":\"https:\/\/staging.fundacionindustriascreativas.org\/politica-privacidad\/#breadcrumb\",\"itemListElement\":[{\"@type\":\"ListItem\",\"position\":1,\"name\":\"Portada\",\"item\":\"https:\/\/staging.fundacionindustriascreativas.org\/\"},{\"@type\":\"ListItem\",\"position\":2,\"name\":\"Pol\u00edtica de privacidad\"}]},{\"@type\":\"WebSite\",\"@id\":\"https:\/\/staging.fundacionindustriascreativas.org\/#website\",\"url\":\"https:\/\/staging.fundacionindustriascreativas.org\/\",\"name\":\"Fundaci\u00f3n Industrias Creativas\",\"description\":\"\",\"publisher\":{\"@id\":\"https:\/\/staging.fundacionindustriascreativas.org\/#organization\"},\"potentialAction\":[{\"@type\":\"SearchAction\",\"target\":{\"@type\":\"EntryPoint\",\"urlTemplate\":\"https:\/\/staging.fundacionindustriascreativas.org\/?s={search_term_string}\"},\"query-input\":{\"@type\":\"PropertyValueSpecification\",\"valueRequired\":true,\"valueName\":\"search_term_string\"}}],\"inLanguage\":\"eu-ES\"},{\"@type\":\"Organization\",\"@id\":\"https:\/\/staging.fundacionindustriascreativas.org\/#organization\",\"name\":\"Fundaci\u00f3n Industrias Creativas\",\"url\":\"https:\/\/staging.fundacionindustriascreativas.org\/\",\"logo\":{\"@type\":\"ImageObject\",\"inLanguage\":\"eu-ES\",\"@id\":\"https:\/\/staging.fundacionindustriascreativas.org\/#\/schema\/logo\/image\/\",\"url\":\"https:\/\/staging.fundacionindustriascreativas.org\/wp-content\/uploads\/2021\/05\/mapaRecurso-6.svg\",\"contentUrl\":\"https:\/\/staging.fundacionindustriascreativas.org\/wp-content\/uploads\/2021\/05\/mapaRecurso-6.svg\",\"width\":126,\"height\":47,\"caption\":\"Fundaci\u00f3n Industrias Creativas\"},\"image\":{\"@id\":\"https:\/\/staging.fundacionindustriascreativas.org\/#\/schema\/logo\/image\/\"}}]}<\/script>\n<!-- \/ Yoast SEO plugin. -->","yoast_head_json":{"title":"Pol\u00edtica de privacidad - Fundaci\u00f3n Industrias Creativas","robots":{"index":"noindex","follow":"follow","max-snippet":"max-snippet:-1","max-image-preview":"max-image-preview:large","max-video-preview":"max-video-preview:-1"},"og_locale":"eu_ES","og_type":"article","og_title":"Pol\u00edtica de privacidad - Fundaci\u00f3n Industrias Creativas","og_description":"POL\u00cdTICA DE PRIVACIDAD \u00daLTIMA ACTUALIZACI\u00d3N: 5 DE MAYO DE 2021 \u00a0 A los efectos de lo previsto en el\u00a0REGLAMENTO (UE) 2016\/679 DEL PARLAMENTO EUROPEO Y DEL CONSEJO de 27 de abril de 2016 relativo a la protecci\u00f3n de las personas f\u00edsicas en lo que respecta al tratamiento de datos personales y a la libre circulaci\u00f3n [&hellip;]","og_url":"https:\/\/staging.fundacionindustriascreativas.org\/politica-privacidad\/","og_site_name":"Fundaci\u00f3n Industrias Creativas","twitter_card":"summary_large_image","twitter_misc":{"Est. reading time":"6 minutes"},"schema":{"@context":"https:\/\/schema.org","@graph":[{"@type":"WebPage","@id":"https:\/\/staging.fundacionindustriascreativas.org\/politica-privacidad\/","url":"https:\/\/staging.fundacionindustriascreativas.org\/politica-privacidad\/","name":"Pol\u00edtica de privacidad - Fundaci\u00f3n Industrias Creativas","isPartOf":{"@id":"https:\/\/staging.fundacionindustriascreativas.org\/#website"},"datePublished":"2021-04-21T14:36:46+00:00","breadcrumb":{"@id":"https:\/\/staging.fundacionindustriascreativas.org\/politica-privacidad\/#breadcrumb"},"inLanguage":"eu-ES","potentialAction":[{"@type":"ReadAction","target":["https:\/\/staging.fundacionindustriascreativas.org\/politica-privacidad\/"]}]},{"@type":"BreadcrumbList","@id":"https:\/\/staging.fundacionindustriascreativas.org\/politica-privacidad\/#breadcrumb","itemListElement":[{"@type":"ListItem","position":1,"name":"Portada","item":"https:\/\/staging.fundacionindustriascreativas.org\/"},{"@type":"ListItem","position":2,"name":"Pol\u00edtica de privacidad"}]},{"@type":"WebSite","@id":"https:\/\/staging.fundacionindustriascreativas.org\/#website","url":"https:\/\/staging.fundacionindustriascreativas.org\/","name":"Fundaci\u00f3n Industrias Creativas","description":"","publisher":{"@id":"https:\/\/staging.fundacionindustriascreativas.org\/#organization"},"potentialAction":[{"@type":"SearchAction","target":{"@type":"EntryPoint","urlTemplate":"https:\/\/staging.fundacionindustriascreativas.org\/?s={search_term_string}"},"query-input":{"@type":"PropertyValueSpecification","valueRequired":true,"valueName":"search_term_string"}}],"inLanguage":"eu-ES"},{"@type":"Organization","@id":"https:\/\/staging.fundacionindustriascreativas.org\/#organization","name":"Fundaci\u00f3n Industrias Creativas","url":"https:\/\/staging.fundacionindustriascreativas.org\/","logo":{"@type":"ImageObject","inLanguage":"eu-ES","@id":"https:\/\/staging.fundacionindustriascreativas.org\/#\/schema\/logo\/image\/","url":"https:\/\/staging.fundacionindustriascreativas.org\/wp-content\/uploads\/2021\/05\/mapaRecurso-6.svg","contentUrl":"https:\/\/staging.fundacionindustriascreativas.org\/wp-content\/uploads\/2021\/05\/mapaRecurso-6.svg","width":126,"height":47,"caption":"Fundaci\u00f3n Industrias Creativas"},"image":{"@id":"https:\/\/staging.fundacionindustriascreativas.org\/#\/schema\/logo\/image\/"}}]}},"_links":{"self":[{"href":"https:\/\/staging.fundacionindustriascreativas.org\/eu\/wp-json\/wp\/v2\/pages\/588","targetHints":{"allow":["GET"]}}],"collection":[{"href":"https:\/\/staging.fundacionindustriascreativas.org\/eu\/wp-json\/wp\/v2\/pages"}],"about":[{"href":"https:\/\/staging.fundacionindustriascreativas.org\/eu\/wp-json\/wp\/v2\/types\/page"}],"author":[{"embeddable":true,"href":"https:\/\/staging.fundacionindustriascreativas.org\/eu\/wp-json\/wp\/v2\/users\/6"}],"replies":[{"embeddable":true,"href":"https:\/\/staging.fundacionindustriascreativas.org\/eu\/wp-json\/wp\/v2\/comments?post=588"}],"version-history":[{"count":0,"href":"https:\/\/staging.fundacionindustriascreativas.org\/eu\/wp-json\/wp\/v2\/pages\/588\/revisions"}],"wp:attachment":[{"href":"https:\/\/staging.fundacionindustriascreativas.org\/eu\/wp-json\/wp\/v2\/media?parent=588"}],"curies":[{"name":"wp","href":"https:\/\/api.w.org\/{rel}","templated":true}]}}